{"id":401,"date":"2021-11-01T11:30:50","date_gmt":"2021-11-01T11:30:50","guid":{"rendered":"https:\/\/demo.athemes.com\/sydney-main\/?page_id=401"},"modified":"2025-06-12T12:53:12","modified_gmt":"2025-06-12T12:53:12","slug":"about","status":"publish","type":"page","link":"https:\/\/www.inoform.ro\/?page_id=401","title":{"rendered":"Despre proiect"},"content":{"rendered":"\t\t<div data-elementor-type=\"wp-page\" data-elementor-id=\"401\" class=\"elementor elementor-401\">\n\t\t\t\t\t\t<section class=\"elementor-section elementor-top-section elementor-element elementor-element-eedafb9 elementor-section-content-middle elementor-section-boxed elementor-section-height-default elementor-section-height-default\" data-id=\"eedafb9\" data-element_type=\"section\">\n\t\t\t\t\t\t<div class=\"elementor-container elementor-column-gap-default\">\n\t\t\t\t\t<div class=\"elementor-column elementor-col-50 elementor-top-column elementor-element elementor-element-571508b\" data-id=\"571508b\" data-element_type=\"column\">\n\t\t\t<div class=\"elementor-widget-wrap elementor-element-populated\">\n\t\t\t\t\t\t<div class=\"elementor-element elementor-element-fb80230 elementor-widget elementor-widget-heading\" data-id=\"fb80230\" data-element_type=\"widget\" data-widget_type=\"heading.default\">\n\t\t\t\t<div class=\"elementor-widget-container\">\n\t\t\t<div class=\"elementor-heading-title elementor-size-default\">Despre proiect<\/div>\t\t<\/div>\n\t\t\t\t<\/div>\n\t\t\t\t<div class=\"elementor-element elementor-element-1cf0f1c elementor-widget elementor-widget-text-editor\" data-id=\"1cf0f1c\" data-element_type=\"widget\" data-widget_type=\"text-editor.default\">\n\t\t\t\t<div class=\"elementor-widget-container\">\n\t\t\t\t\t\t\t<p>S.C. WARD ASHBY STUDIO S.R.L, in calitate de Beneficiar, implementeaza Programului Educatie si Ocupare \u201cINOFORM \u2013 Formare pentru inovare\u201d, SMIS 318203, Cod apel: PEO\/79\/PEO_P9\/OP4\/ESO4.7\/PEO_A36. Proiectul se va desfasura in regiunea Bucuresti Ilfov pe o perioada de 28 luni, respectiv intre data de 01.10.2024 si data de 31.01.2027.<\/p><p>Prin proiectul \u201cINOFORM \u2013 Formare pentru inovare\u201d, grupul tinta beneficiaza de servicii de consiliere si orientare profesionala si de formare profesionala continua.<\/p><p>Valoarea totala a contractului de finantare este de <strong>4.875.468,43 lei <\/strong>din care finantarea nerambursabila totala este de <strong>4.631.694,99 lei <\/strong>echivalenta cu <strong>95%<\/strong> din valoarea totala eligibila aprobata.<\/p>\t\t\t\t\t\t<\/div>\n\t\t\t\t<\/div>\n\t\t\t\t<div class=\"elementor-element elementor-element-4eea362 elementor-widget elementor-widget-heading\" data-id=\"4eea362\" data-element_type=\"widget\" data-widget_type=\"heading.default\">\n\t\t\t\t<div class=\"elementor-widget-container\">\n\t\t\t<div class=\"elementor-heading-title elementor-size-default\">Obiectivele Proiectului<\/div>\t\t<\/div>\n\t\t\t\t<\/div>\n\t\t\t\t<div class=\"elementor-element elementor-element-2143468 elementor-widget elementor-widget-text-editor\" data-id=\"2143468\" data-element_type=\"widget\" data-widget_type=\"text-editor.default\">\n\t\t\t\t<div class=\"elementor-widget-container\">\n\t\t\t\t\t\t\t<p>Proiectul sus\u021bine o serie de valori esen\u021biale: promovarea incluziunii, egalitatea de \u0219anse, cresterea economica sustenabila \u0219i adaptabilitatea fortei de munca. Prin implementarea de activitati concrete, proiectul contribuie la atingerea Obiectivelor de Dezvoltare Durabila ale Rom\u00e2niei pentru 2030, inclusiv: eliminarea saraciei, asigurarea unei educatii de calitate, promovarea egalitatii de gen, munca decenta si cresterea economica sustenabila. De asemenea, proiectul contribuie la indeplinirea obiectivului Strategiei nationale pentru locuri de munca verzi 2018-2025. In cadrul proiectului se vor promova locuri de munca in intreprinderi care produc bunuri sau furnizeaza servicii de care beneficiaza mediul \u00eenconjurator sau conserva resursele naturale si locurile de munca in care sarcinile lucratorilor implica procese de produc\u021bie mai ecologice sau care utilizeaza mai pu\u021bine resurse naturale.<\/p>\t\t\t\t\t\t<\/div>\n\t\t\t\t<\/div>\n\t\t\t\t<div class=\"elementor-element elementor-element-5780769 elementor-widget elementor-widget-heading\" data-id=\"5780769\" data-element_type=\"widget\" data-widget_type=\"heading.default\">\n\t\t\t\t<div class=\"elementor-widget-container\">\n\t\t\t<div class=\"elementor-heading-title elementor-size-default\">Activit\u0103\u021bile Proiectului<\/div>\t\t<\/div>\n\t\t\t\t<\/div>\n\t\t\t\t<div class=\"elementor-element elementor-element-348b5b0 elementor-widget elementor-widget-text-editor\" data-id=\"348b5b0\" data-element_type=\"widget\" data-widget_type=\"text-editor.default\">\n\t\t\t\t<div class=\"elementor-widget-container\">\n\t\t\t\t\t\t\t<ul><li><p><strong>Informare \u0219i recrutare:<\/strong> Vom informa angaja\u021bii despre beneficiile \u0219i oportunit\u0103\u021bile oferite prin proiect \u0219i vom recruta 616 angaja\u021bi eligibili. Ace\u0219tia vor beneficia de consiliere profesional\u0103 pentru a-\u0219i dezvolta competen\u021bele \u0219i pentru a \u00een\u021belege mai bine dinamica pie\u021bei muncii.<\/p><\/li><li><p><strong>Consiliere \u0219i orientare profesional\u0103:<\/strong> Vom oferi sesiuni de consiliere \u0219i orientare profesional\u0103 pentru a \u00eencuraja participarea la programe de formare profesional\u0103 continu\u0103. Acestea vor fi axate pe dezvoltarea carierei \u0219i dob\u00e2ndirea de noi competen\u021be relevante pe pia\u021ba muncii.<\/p><\/li><li><p><strong>Formare profesional\u0103 continu\u0103:<\/strong> Vom organiza programe de formare adaptate evolu\u021biilor tehnologice, incluz\u00e2nd competen\u021be digitale \u0219i de management. Acestea vor ajuta participan\u021bii s\u0103 \u00ee\u0219i \u00eembun\u0103t\u0103\u021beasc\u0103 aptitudinile necesare pentru a se adapta la schimb\u0103rile din pia\u021ba muncii \u0219i s\u0103 contribuie la atingerea obiectivelor strategice pentru dezvoltarea durabil\u0103 a Rom\u00e2niei p\u00e2n\u0103 \u00een 2030.<\/p><\/li><\/ul>\t\t\t\t\t\t<\/div>\n\t\t\t\t<\/div>\n\t\t\t\t<div class=\"elementor-element elementor-element-dc8caac elementor-widget elementor-widget-heading\" data-id=\"dc8caac\" data-element_type=\"widget\" data-widget_type=\"heading.default\">\n\t\t\t\t<div class=\"elementor-widget-container\">\n\t\t\t<div class=\"elementor-heading-title elementor-size-default\">Impactul Proiectului<\/div>\t\t<\/div>\n\t\t\t\t<\/div>\n\t\t\t\t<div class=\"elementor-element elementor-element-8022c39 elementor-widget elementor-widget-text-editor\" data-id=\"8022c39\" data-element_type=\"widget\" data-widget_type=\"text-editor.default\">\n\t\t\t\t<div class=\"elementor-widget-container\">\n\t\t\t\t\t\t\t<p>Proiectul sus\u021bine o serie de valori esen\u021biale: promovarea incluziunii, egalitatea de \u0219anse, cre\u0219terea economic\u0103 sustenabil\u0103 \u0219i adaptabilitatea for\u021bei de munc\u0103. Prin implementarea de activit\u0103\u021bi concrete, ne angaj\u0103m s\u0103 contribuim la atingerea Obiectivelor de Dezvoltare Durabil\u0103 ale Rom\u00e2niei pentru 2030, inclusiv: eliminarea s\u0103r\u0103ciei, asigurarea unei educa\u021bii de calitate, promovarea egalit\u0103\u021bii de gen, munca decent\u0103 \u0219i cre\u0219terea economic\u0103 sustenabil\u0103.<\/p>\t\t\t\t\t\t<\/div>\n\t\t\t\t<\/div>\n\t\t\t\t\t<\/div>\n\t\t<\/div>\n\t\t\t\t<div class=\"elementor-column elementor-col-50 elementor-top-column elementor-element elementor-element-bc4d4c0\" data-id=\"bc4d4c0\" data-element_type=\"column\">\n\t\t\t<div class=\"elementor-widget-wrap elementor-element-populated\">\n\t\t\t\t\t\t<div class=\"elementor-element elementor-element-48dd569 elementor-widget elementor-widget-image\" data-id=\"48dd569\" data-element_type=\"widget\" data-widget_type=\"image.default\">\n\t\t\t\t<div class=\"elementor-widget-container\">\n\t\t\t\t\t\t\t\t\t\t\t\t\t<img decoding=\"async\" src=\"https:\/\/www.inoform.ro\/wp-content\/uploads\/elementor\/thumbs\/Light-Pink-Minimalist-New-Post-Background-Instagram-Story-qvcp1xx7efppftf3r7l0kp6hzp74wnl0fa0uhm17mc.png\" title=\"Light Pink Minimalist New Post Background Instagram Story\" alt=\"\" loading=\"lazy\" \/>\t\t\t\t\t\t\t\t\t\t\t\t\t<\/div>\n\t\t\t\t<\/div>\n\t\t\t\t\t<\/div>\n\t\t<\/div>\n\t\t\t\t\t<\/div>\n\t\t<\/section>\n\t\t\t\t<section class=\"elementor-section elementor-top-section elementor-element elementor-element-cf5ff21 elementor-section-content-middle elementor-section-boxed elementor-section-height-default elementor-section-height-default\" data-id=\"cf5ff21\" data-element_type=\"section\" data-settings=\"{&quot;background_background&quot;:&quot;classic&quot;}\">\n\t\t\t\t\t\t<div class=\"elementor-container elementor-column-gap-default\">\n\t\t\t\t\t<div class=\"elementor-column elementor-col-50 elementor-top-column elementor-element elementor-element-c35989b\" data-id=\"c35989b\" data-element_type=\"column\">\n\t\t\t<div class=\"elementor-widget-wrap elementor-element-populated\">\n\t\t\t\t\t\t<div class=\"elementor-element elementor-element-33e3b28 elementor-widget__width-initial elementor-widget-mobile__width-initial elementor-widget elementor-widget-image\" data-id=\"33e3b28\" data-element_type=\"widget\" data-widget_type=\"image.default\">\n\t\t\t\t<div class=\"elementor-widget-container\">\n\t\t\t\t\t\t\t\t\t\t\t\t\t<img fetchpriority=\"high\" decoding=\"async\" width=\"743\" height=\"1024\" src=\"https:\/\/www.inoform.ro\/wp-content\/uploads\/2024\/10\/Light-Pink-Minimalist-New-Post-Background-Instagram-Story-3-743x1024.png\" class=\"attachment-large size-large wp-image-903\" alt=\"\" srcset=\"https:\/\/www.inoform.ro\/wp-content\/uploads\/2024\/10\/Light-Pink-Minimalist-New-Post-Background-Instagram-Story-3-743x1024.png 743w, https:\/\/www.inoform.ro\/wp-content\/uploads\/2024\/10\/Light-Pink-Minimalist-New-Post-Background-Instagram-Story-3-218x300.png 218w, https:\/\/www.inoform.ro\/wp-content\/uploads\/2024\/10\/Light-Pink-Minimalist-New-Post-Background-Instagram-Story-3-768x1058.png 768w, https:\/\/www.inoform.ro\/wp-content\/uploads\/2024\/10\/Light-Pink-Minimalist-New-Post-Background-Instagram-Story-3-1000x1378.png 1000w, https:\/\/www.inoform.ro\/wp-content\/uploads\/2024\/10\/Light-Pink-Minimalist-New-Post-Background-Instagram-Story-3-230x317.png 230w, https:\/\/www.inoform.ro\/wp-content\/uploads\/2024\/10\/Light-Pink-Minimalist-New-Post-Background-Instagram-Story-3-350x482.png 350w, https:\/\/www.inoform.ro\/wp-content\/uploads\/2024\/10\/Light-Pink-Minimalist-New-Post-Background-Instagram-Story-3-480x661.png 480w, https:\/\/www.inoform.ro\/wp-content\/uploads\/2024\/10\/Light-Pink-Minimalist-New-Post-Background-Instagram-Story-3.png 1080w\" sizes=\"(max-width: 743px) 100vw, 743px\" \/>\t\t\t\t\t\t\t\t\t\t\t\t\t<\/div>\n\t\t\t\t<\/div>\n\t\t\t\t\t<\/div>\n\t\t<\/div>\n\t\t\t\t<div class=\"elementor-column elementor-col-50 elementor-top-column elementor-element elementor-element-9d8f192\" data-id=\"9d8f192\" data-element_type=\"column\">\n\t\t\t<div class=\"elementor-widget-wrap elementor-element-populated\">\n\t\t\t\t\t\t<div class=\"elementor-element elementor-element-a2ff96d elementor-widget elementor-widget-heading\" data-id=\"a2ff96d\" data-element_type=\"widget\" data-widget_type=\"heading.default\">\n\t\t\t\t<div class=\"elementor-widget-container\">\n\t\t\t<h2 class=\"elementor-heading-title elementor-size-default\">Grupul tinta<\/h2>\t\t<\/div>\n\t\t\t\t<\/div>\n\t\t\t\t<div class=\"elementor-element elementor-element-6811c22 elementor-widget elementor-widget-text-editor\" data-id=\"6811c22\" data-element_type=\"widget\" data-widget_type=\"text-editor.default\">\n\t\t\t\t<div class=\"elementor-widget-container\">\n\t\t\t\t\t\t\t<p class=\"has-small-font-size\">Grupul tinta al proiectului este reprezentat de <strong>616 persoane <\/strong>care <strong>indeplinesc cumulativ <\/strong>urmatoarele <strong>conditii<\/strong>:<\/p><ul class=\"wp-block-list\"><li class=\"has-small-font-size\">Sunt angajati cu contract individual de munca;<\/li><li class=\"has-small-font-size\">Au implinit 18 ani;<\/li><li class=\"has-small-font-size\">Au sub 65 ani implini la momentul inscrierii in GT;<\/li><li class=\"has-small-font-size\">Au domiciliul\/resedinta in regiunea Bucuresti Ilfov<\/li><li class=\"has-small-font-size\">Este de acord cu prelucrarea datelor personale in cadrul proiectului;<\/li><li class=\"has-small-font-size\">Isi exprima disponibilitatea pentru participarea la activitatile proiectului.<\/li><li class=\"has-small-font-size\">Depun dosarul complet de inscriere si sunt declarati eligibili de catre expertii A1.1.<\/li><\/ul><p class=\"has-small-font-size\"><strong>Cine NU poate face parte din GT <\/strong>al proiectului:<\/p><ul class=\"wp-block-list\"><li class=\"has-small-font-size\">persoanele care au domiciliul\/resedinta in alta regiune decat regiunea proiectului<\/li><li class=\"has-small-font-size\">angajatii beneficiarului, precum si sotul\/sotia sau o ruda ori un afin, pana la gradul 2 inclusiv<\/li><li class=\"has-small-font-size\">pentru categoria de grup tinta formata din persoane care ocupa pozitii de management se va avea in vedere ca acestea sa nu aiba calitatea de administrator\/reprezentant legal in nicio intreprindere publica sau privata<\/li><li class=\"has-small-font-size\">angajati din institutii\/autoritati publice (centrale sau locale) si din cadrul persoanelor juridice publice din sistemul de sanatate si sistemul de invatam\u00e2nt. Aceste persoane constituie grup tinta in cadrul programului PNRR (Planul National de Redresare si Rezilienta).<\/li><\/ul>\t\t\t\t\t\t<\/div>\n\t\t\t\t<\/div>\n\t\t\t\t\t<\/div>\n\t\t<\/div>\n\t\t\t\t\t<\/div>\n\t\t<\/section>\n\t\t\t\t<section class=\"elementor-section elementor-top-section elementor-element elementor-element-aa357ca elementor-section-boxed elementor-section-height-default elementor-section-height-default\" data-id=\"aa357ca\" data-element_type=\"section\">\n\t\t\t\t\t\t<div class=\"elementor-container elementor-column-gap-default\">\n\t\t\t\t\t<div class=\"elementor-column elementor-col-100 elementor-top-column elementor-element elementor-element-50a14cd\" data-id=\"50a14cd\" data-element_type=\"column\">\n\t\t\t<div class=\"elementor-widget-wrap elementor-element-populated\">\n\t\t\t\t\t\t<section class=\"elementor-section elementor-inner-section elementor-element elementor-element-fc4bb31 elementor-section-boxed elementor-section-height-default elementor-section-height-default\" data-id=\"fc4bb31\" data-element_type=\"section\">\n\t\t\t\t\t\t<div class=\"elementor-container elementor-column-gap-extended\">\n\t\t\t\t\t<div class=\"elementor-column elementor-col-50 elementor-inner-column elementor-element elementor-element-936216a\" data-id=\"936216a\" data-element_type=\"column\">\n\t\t\t<div class=\"elementor-widget-wrap elementor-element-populated\">\n\t\t\t\t\t\t<div class=\"elementor-element elementor-element-05d8d08 elementor-widget__width-initial elementor-widget elementor-widget-heading\" data-id=\"05d8d08\" data-element_type=\"widget\" data-widget_type=\"heading.default\">\n\t\t\t\t<div class=\"elementor-widget-container\">\n\t\t\t<div class=\"elementor-heading-title elementor-size-default\">Despre WARD ASHBY STUDIO SRL<\/div>\t\t<\/div>\n\t\t\t\t<\/div>\n\t\t\t\t\t<\/div>\n\t\t<\/div>\n\t\t\t\t<div class=\"elementor-column elementor-col-50 elementor-inner-column elementor-element elementor-element-2abd428\" data-id=\"2abd428\" data-element_type=\"column\">\n\t\t\t<div class=\"elementor-widget-wrap elementor-element-populated\">\n\t\t\t\t\t\t<div class=\"elementor-element elementor-element-0cde9da elementor-widget__width-initial elementor-widget elementor-widget-image\" data-id=\"0cde9da\" data-element_type=\"widget\" data-widget_type=\"image.default\">\n\t\t\t\t<div class=\"elementor-widget-container\">\n\t\t\t\t\t\t\t\t\t\t\t\t\t\t<a href=\"http:\/\/www.goodstory.ro\">\n\t\t\t\t\t\t\t<img decoding=\"async\" width=\"1024\" height=\"427\" src=\"https:\/\/www.inoform.ro\/wp-content\/uploads\/2024\/10\/logo-WAS-negru-transparent-e1729067740742-1024x427.png\" class=\"attachment-large size-large wp-image-1257\" alt=\"\" srcset=\"https:\/\/www.inoform.ro\/wp-content\/uploads\/2024\/10\/logo-WAS-negru-transparent-e1729067740742-1024x427.png 1024w, https:\/\/www.inoform.ro\/wp-content\/uploads\/2024\/10\/logo-WAS-negru-transparent-e1729067740742-300x125.png 300w, https:\/\/www.inoform.ro\/wp-content\/uploads\/2024\/10\/logo-WAS-negru-transparent-e1729067740742-768x320.png 768w, https:\/\/www.inoform.ro\/wp-content\/uploads\/2024\/10\/logo-WAS-negru-transparent-e1729067740742-1536x641.png 1536w, https:\/\/www.inoform.ro\/wp-content\/uploads\/2024\/10\/logo-WAS-negru-transparent-e1729067740742-1000x417.png 1000w, https:\/\/www.inoform.ro\/wp-content\/uploads\/2024\/10\/logo-WAS-negru-transparent-e1729067740742-230x96.png 230w, https:\/\/www.inoform.ro\/wp-content\/uploads\/2024\/10\/logo-WAS-negru-transparent-e1729067740742-350x146.png 350w, https:\/\/www.inoform.ro\/wp-content\/uploads\/2024\/10\/logo-WAS-negru-transparent-e1729067740742-480x200.png 480w, https:\/\/www.inoform.ro\/wp-content\/uploads\/2024\/10\/logo-WAS-negru-transparent-e1729067740742.png 1779w\" sizes=\"(max-width: 1024px) 100vw, 1024px\" \/>\t\t\t\t\t\t\t\t<\/a>\n\t\t\t\t\t\t\t\t\t\t\t\t\t<\/div>\n\t\t\t\t<\/div>\n\t\t\t\t\t<\/div>\n\t\t<\/div>\n\t\t\t\t\t<\/div>\n\t\t<\/section>\n\t\t\t\t<div class=\"elementor-element elementor-element-518262e elementor-widget__width-initial elementor-widget elementor-widget-text-editor\" data-id=\"518262e\" data-element_type=\"widget\" data-widget_type=\"text-editor.default\">\n\t\t\t\t<div class=\"elementor-widget-container\">\n\t\t\t\t\t\t\t<p>Fondat\u0103 \u00een 2016, Ward Ashby Studio SRL s-a specializat \u00een domeniul educa\u021biei \u0219i form\u0103rii adul\u021bilor, organizarea de evenimente, servicii de marketing \u0219i campanii de comunicare. De-a lungul timpului, am extins portofoliul de servicii, oferind solu\u021bii complexe pentru dezvoltarea personalului.<\/p>\t\t\t\t\t\t<\/div>\n\t\t\t\t<\/div>\n\t\t\t\t<div class=\"elementor-element elementor-element-bb94b2a elementor-widget elementor-widget-heading\" data-id=\"bb94b2a\" data-element_type=\"widget\" data-widget_type=\"heading.default\">\n\t\t\t\t<div class=\"elementor-widget-container\">\n\t\t\t<div class=\"elementor-heading-title elementor-size-default\">Servicii \u0219i Realiz\u0103ri<\/div>\t\t<\/div>\n\t\t\t\t<\/div>\n\t\t\t\t<div class=\"elementor-element elementor-element-664e6bb elementor-widget__width-initial elementor-widget elementor-widget-text-editor\" data-id=\"664e6bb\" data-element_type=\"widget\" data-widget_type=\"text-editor.default\">\n\t\t\t\t<div class=\"elementor-widget-container\">\n\t\t\t\t\t\t\t<p>P\u00e2n\u0103 \u00een prezent, compania noastr\u0103 a livrat programe de formare c\u0103tre peste 500 de participan\u021bi \u00een diverse domenii, precum:<\/p><ul><li>simul\u0103ri de business,<\/li><li>comunicare eficient\u0103,<\/li><li>rela\u021bii cu clien\u021bii,<\/li><li>v\u00e2nz\u0103ri \u0219i bune maniere \u00een interac\u021biunea cu clien\u021bii,<\/li><li>dezvoltarea talentelor.<\/li><\/ul><p>De asemenea, avem o vast\u0103 experien\u021b\u0103 \u00een organizarea de evenimente corporate, colabor\u00e2nd cu branduri de renume precum <strong>HP Inc. Rom\u00e2nia<\/strong>, <strong>Veeam Software<\/strong>, <strong>IT Smart Distribution<\/strong> \u0219i <strong>Servel<\/strong>.<\/p>\t\t\t\t\t\t<\/div>\n\t\t\t\t<\/div>\n\t\t\t\t<div class=\"elementor-element elementor-element-c96e37f elementor-widget elementor-widget-heading\" data-id=\"c96e37f\" data-element_type=\"widget\" data-widget_type=\"heading.default\">\n\t\t\t\t<div class=\"elementor-widget-container\">\n\t\t\t<div class=\"elementor-heading-title elementor-size-default\">Experien\u021b\u0103 \u00een Proiecte cu Finan\u021bare Nerambursabil\u0103<\/div>\t\t<\/div>\n\t\t\t\t<\/div>\n\t\t\t\t<div class=\"elementor-element elementor-element-e095a9f elementor-widget__width-initial elementor-widget elementor-widget-text-editor\" data-id=\"e095a9f\" data-element_type=\"widget\" data-widget_type=\"text-editor.default\">\n\t\t\t\t<div class=\"elementor-widget-container\">\n\t\t\t\t\t\t\t<p>Ward Ashby Studio SRL de\u021bine o expertiz\u0103 solid\u0103 \u00een gestionarea proiectelor cu finan\u021bare nerambursabil\u0103. \u00cen cadrul acestor proiecte, am realizat activit\u0103\u021bi de informare, selec\u021bie a tinerilor vulnerabili din grupuri \u021bint\u0103, formare profesional\u0103, consiliere \u0219i organizare stagii de practic\u0103. De asemenea, am sprijinit tinerii \u00een g\u0103sirea unui loc de munc\u0103 \u0219i am organizat concursuri de planuri de afaceri, oferind consultan\u021b\u0103 \u00een elaborarea \u0219i implementarea acestora.<\/p><p>Un alt succes notabil este monitorizarea \u0219i sprijinul oferit celor 38 de IMM-uri \u00eenfiin\u021bate \u00een urma derul\u0103rii concursurilor de planuri de afaceri, contribuind astfel la dezvoltarea antreprenoriatului \u00een Rom\u00e2nia.<\/p>\t\t\t\t\t\t<\/div>\n\t\t\t\t<\/div>\n\t\t\t\t\t<\/div>\n\t\t<\/div>\n\t\t\t\t\t<\/div>\n\t\t<\/section>\n\t\t\t\t<section class=\"elementor-section elementor-top-section elementor-element elementor-element-cfed380 elementor-section-content-middle elementor-section-boxed elementor-section-height-default elementor-section-height-default\" data-id=\"cfed380\" data-element_type=\"section\" data-settings=\"{&quot;background_background&quot;:&quot;classic&quot;}\">\n\t\t\t\t\t\t<div class=\"elementor-container elementor-column-gap-default\">\n\t\t\t\t\t<div class=\"elementor-column elementor-col-50 elementor-top-column elementor-element elementor-element-d8fac92\" data-id=\"d8fac92\" data-element_type=\"column\">\n\t\t\t<div class=\"elementor-widget-wrap elementor-element-populated\">\n\t\t\t\t\t\t<div class=\"elementor-element elementor-element-ea4173f elementor-widget__width-initial elementor-widget elementor-widget-heading\" data-id=\"ea4173f\" data-element_type=\"widget\" data-widget_type=\"heading.default\">\n\t\t\t\t<div class=\"elementor-widget-container\">\n\t\t\t<h2 class=\"elementor-heading-title elementor-size-default\">Vrei sa afli mai multe detalii?<\/h2>\t\t<\/div>\n\t\t\t\t<\/div>\n\t\t\t\t\t<\/div>\n\t\t<\/div>\n\t\t\t\t<div class=\"elementor-column elementor-col-50 elementor-top-column elementor-element elementor-element-7aa5769\" data-id=\"7aa5769\" data-element_type=\"column\">\n\t\t\t<div class=\"elementor-widget-wrap elementor-element-populated\">\n\t\t\t\t\t\t<div class=\"elementor-element elementor-element-9c6e3e1 elementor-align-right elementor-mobile-align-center elementor-widget elementor-widget-button\" data-id=\"9c6e3e1\" data-element_type=\"widget\" data-widget_type=\"button.default\">\n\t\t\t\t<div class=\"elementor-widget-container\">\n\t\t\t\t\t<div class=\"elementor-button-wrapper\">\n\t\t\t<a class=\"elementor-button elementor-button-link elementor-size-sm\" href=\"https:\/\/www.inoform.ro\/?page_id=553\">\n\t\t\t\t\t\t<span class=\"elementor-button-content-wrapper\">\n\t\t\t\t\t\t\t\t\t<span class=\"elementor-button-text\">Contacteaza-ne<\/span>\n\t\t\t\t\t<\/span>\n\t\t\t\t\t<\/a>\n\t\t<\/div>\n\t\t\t\t<\/div>\n\t\t\t\t<\/div>\n\t\t\t\t\t<\/div>\n\t\t<\/div>\n\t\t\t\t\t<\/div>\n\t\t<\/section>\n\t\t\t\t<\/div>\n\t\t","protected":false},"excerpt":{"rendered":"<p>Despre proiect S.C. WARD ASHBY STUDIO S.R.L, in calitate de Beneficiar, implementeaza Programului Educatie si Ocupare \u201cINOFORM \u2013 Formare pentru inovare\u201d, SMIS [&hellip;]<\/p>\n","protected":false},"author":2,"featured_media":0,"parent":0,"menu_order":0,"comment_status":"closed","ping_status":"closed","template":"page-templates\/page_front-page.php","meta":{"footnotes":""},"class_list":["post-401","page","type-page","status-publish","hentry"],"_links":{"self":[{"href":"https:\/\/www.inoform.ro\/index.php?rest_route=\/wp\/v2\/pages\/401","targetHints":{"allow":["GET"]}}],"collection":[{"href":"https:\/\/www.inoform.ro\/index.php?rest_route=\/wp\/v2\/pages"}],"about":[{"href":"https:\/\/www.inoform.ro\/index.php?rest_route=\/wp\/v2\/types\/page"}],"author":[{"embeddable":true,"href":"https:\/\/www.inoform.ro\/index.php?rest_route=\/wp\/v2\/users\/2"}],"replies":[{"embeddable":true,"href":"https:\/\/www.inoform.ro\/index.php?rest_route=%2Fwp%2Fv2%2Fcomments&post=401"}],"version-history":[{"count":138,"href":"https:\/\/www.inoform.ro\/index.php?rest_route=\/wp\/v2\/pages\/401\/revisions"}],"predecessor-version":[{"id":1592,"href":"https:\/\/www.inoform.ro\/index.php?rest_route=\/wp\/v2\/pages\/401\/revisions\/1592"}],"wp:attachment":[{"href":"https:\/\/www.inoform.ro\/index.php?rest_route=%2Fwp%2Fv2%2Fmedia&parent=401"}],"curies":[{"name":"wp","href":"https:\/\/api.w.org\/{rel}","templated":true}]}}